{"id":40,"date":"2015-08-03T14:47:40","date_gmt":"2015-08-03T12:47:40","guid":{"rendered":"http:\/\/genos01.bn-paf.de\/?page_id=40"},"modified":"2025-04-16T10:19:34","modified_gmt":"2025-04-16T08:19:34","slug":"links","status":"publish","type":"page","link":"https:\/\/geno-senioren-obb.de\/?page_id=40","title":{"rendered":"Links"},"content":{"rendered":"<p>F\u00fcr alle untenstehenden Links gilt: Wir haben keinen Einfluss auf die Inhalte der verlinkten Seiten. Wir \u00fcbernehmen keinerlei Verantwortung zu den Inhalten von Internetseiten, auf deren URL in unseren Seiten verwiesen wird. Diese Erkl\u00e4rung gilt f\u00fcr alle auf unseren Seiten angebrachten Links und f\u00fcr die Inhalte aller Seiten, zu den angebrachte Links f\u00fchren.<\/p>\n<p><span style=\"color: #000000; font-family: Arial; font-size: small;\"><span style=\"color: #000000; font-family: Arial; font-size: medium;\"><a href=\"http:\/\/www.vgg-bayern.de\" target=\"_blank\" rel=\"noopener\">&#8211; Verband<u><\/u> genossenschaftlicher Gesch\u00e4ftsleiter<\/a><br \/>\n<a href=\"http:\/\/www.gv-bayern.de\" target=\"_blank\" rel=\"noopener\">&#8211; Genossenschaftsverband<u><\/u> Bayern e. V.<\/a><\/span><\/span><\/p>\n<p><strong>Praktische Links<\/strong><\/p>\n<p><em>Verkehrsmittel:<\/em><\/p>\n<p><span style=\"color: #000000; font-family: Arial; font-size: medium;\">&#8211; <a href=\"http:\/\/www.bahn.de\" target=\"_blank\" rel=\"noopener\">Deutsche Bahn<\/a><u><\/u><br \/>\n&#8211; <a href=\"http:\/\/www.munich-airport.de\" target=\"_blank\" rel=\"noopener\">Flughafen M\u00fcnchen<\/a><u><\/u><br \/>\n&#8211; <a href=\"http:\/\/www.mvv-muenchen.de\" target=\"_blank\" rel=\"noopener\">M\u00fcnchner Verkehrsverbund<\/a><u><\/u><br \/>\n&#8211; <a href=\"http:\/\/www.rvo-bus.de\" target=\"_blank\" rel=\"noopener\">Regionalverkehr Oberbayern<\/a><\/span><\/p>\n<p><em>Kultur, Kunst<\/em><\/p>\n<p><span style=\"color: #000000; font-family: Arial; font-size: medium;\">&#8211; <a href=\"http:\/\/www.schloesser.bayern.de\" target=\"_blank\" rel=\"noopener\">Bayer. Schl\u00f6sserverwaltung<\/a><u><\/u><br \/>\n&#8211; <a href=\"http:\/\/www.hdbg.de\" target=\"_blank\" rel=\"noopener\">Haus der bayer. Geschichte<\/a><u><\/u><br \/>\n&#8211; <a href=\"http:\/\/www.museen-in-bayern.de\" target=\"_blank\" rel=\"noopener\">Museen in Bayern<\/a><u><\/u><br \/>\n&#8211; <a href=\"http:\/\/www.herrenchiemsee-festspiele.de\" target=\"_blank\" rel=\"noopener\">Herrenchiemsee Festspiele<\/a><u><\/u><br \/>\n&#8211; <a href=\"http:\/\/www.musikbuero-berger.de\" target=\"_blank\" rel=\"noopener\">Hans Berger und sein Ensemble<\/a><u><\/u><br \/>\n&#8211; <a href=\"http:\/\/www.kloster-seeon.de\" target=\"_blank\" rel=\"noopener\">Kloster Seeon<\/a><\/span><\/p>\n","protected":false},"excerpt":{"rendered":"<p>F\u00fcr alle untenstehenden Links gilt: Wir haben keinen Einfluss auf die Inhalte der verlinkten Seiten. Wir \u00fcbernehmen keinerlei Verantwortung zu den Inhalten von Internetseiten, auf deren URL in unseren Seiten verwiesen wird. Diese Erkl\u00e4rung gilt f\u00fcr alle auf unseren Seiten angebrachten Links und f\u00fcr die Inhalte aller Seiten, zu den angebrachte Links f\u00fchren. &#8211; Verband &hellip; <a href=\"https:\/\/geno-senioren-obb.de\/?page_id=40\" class=\"more-link\"><span class=\"screen-reader-text\">Links<\/span> weiterlesen <span class=\"meta-nav\">&rarr;<\/span><\/a><\/p>\n","protected":false},"author":3,"featured_media":0,"parent":0,"menu_order":0,"comment_status":"closed","ping_status":"closed","template":"","meta":{"footnotes":""},"class_list":["post-40","page","type-page","status-publish","hentry"],"_links":{"self":[{"href":"https:\/\/geno-senioren-obb.de\/index.php?rest_route=\/wp\/v2\/pages\/40","targetHints":{"allow":["GET"]}}],"collection":[{"href":"https:\/\/geno-senioren-obb.de\/index.php?rest_route=\/wp\/v2\/pages"}],"about":[{"href":"https:\/\/geno-senioren-obb.de\/index.php?rest_route=\/wp\/v2\/types\/page"}],"author":[{"embeddable":true,"href":"https:\/\/geno-senioren-obb.de\/index.php?rest_route=\/wp\/v2\/users\/3"}],"replies":[{"embeddable":true,"href":"https:\/\/geno-senioren-obb.de\/index.php?rest_route=%2Fwp%2Fv2%2Fcomments&post=40"}],"version-history":[{"count":4,"href":"https:\/\/geno-senioren-obb.de\/index.php?rest_route=\/wp\/v2\/pages\/40\/revisions"}],"predecessor-version":[{"id":1072,"href":"https:\/\/geno-senioren-obb.de\/index.php?rest_route=\/wp\/v2\/pages\/40\/revisions\/1072"}],"wp:attachment":[{"href":"https:\/\/geno-senioren-obb.de\/index.php?rest_route=%2Fwp%2Fv2%2Fmedia&parent=40"}],"curies":[{"name":"wp","href":"https:\/\/api.w.org\/{rel}","templated":true}]}}